{"id":94,"date":"2023-12-02T12:21:11","date_gmt":"2023-12-02T11:21:11","guid":{"rendered":"http:\/\/localhost\/Ecole%20Sainte%20Coix\/?page_id=94"},"modified":"2024-06-14T12:28:23","modified_gmt":"2024-06-14T10:28:23","slug":"page-daccueil","status":"publish","type":"page","link":"https:\/\/www.sainte-croix.org\/","title":{"rendered":"Accueil"},"content":{"rendered":"\r\n<div class=\"wp-block-columns is-layout-flex wp-container-core-columns-is-layout-1 wp-block-columns-is-layout-flex\">\r\n<div class=\"wp-block-column is-layout-flow wp-block-column-is-layout-flow\">\u00a0<\/div>\r\n\r\n\r\n\r\n<div class=\"wp-block-column is-layout-flow wp-block-column-is-layout-flow\">\u00a0<\/div>\r\n<\/div>\r\n\r\n\r\n\r\n<p class=\"has-text-align-center has-accent-1-color has-text-color has-link-color wp-elements-29886714c6a7972d0a20aa352cad4891\"><em><strong>Le mot de la Directrice<\/strong><\/em><\/p>\r\n\r\n\r\n\r\n<p>Bonjour \u00e0 toutes et \u00e0 tous, et bienvenue dans notre \u00e9cole&#8230;.<\/p>\r\n\r\n\r\n\r\n<p class=\"has-text-align-left\">C\u2019est avec enthousiasme que je vous ouvre les portes de l\u2019\u00e9cole Sainte Croix ! Vous y d\u00e9couvrirez un milieu de vie stimulant et bienveillant o\u00f9 chaque enfant a la possibilit\u00e9 de relever des d\u00e9fis \u00e0 sa mesure.<\/p>\r\n\r\n\r\n\r\n<p class=\"has-text-align-left\">En tant que chef d\u2019\u00e9tablissement, je trouve essentiel de tisser des liens solides avec les parents et les partenaires de la communaut\u00e9. Je crois fermement \u00e0 cette collaboration pour accompagner les \u00e9l\u00e8ves dans leur cheminement scolaire. Ne sommes-nous pas li\u00e9s par la m\u00eame ambition : la r\u00e9ussite et le plein \u00e9panouissement des enfants ?<br \/>\u00c0 Sainte Croix, vous pouvez compter sur une \u00e9quipe engag\u00e9e et d\u00e9vou\u00e9e qui place l\u2019\u00e9l\u00e8ve au c\u0153ur de ses actions. Tous travaillent pour offrir un climat favorable aux apprentissages.<\/p>\r\n\r\n\r\n\r\n<p class=\"has-text-align-left\">Je vous tends donc la main, chers parents, pour que nous devenions des partenaires au quotidien.<\/p>\r\n\r\n\r\n\r\n<p class=\"has-background\" style=\"background: linear-gradient(135deg,#78a2cc 0%,rgba(155,81,224,0) 83%);\">Catherine Soulie<\/p>\r\n","protected":false},"excerpt":{"rendered":"<p>\u00a0 \u00a0 Le mot de la Directrice Bonjour \u00e0 toutes et \u00e0 tous, et bienvenue dans notre \u00e9cole&#8230;. C\u2019est avec enthousiasme que je vous ouvre &hellip;<\/p>\n","protected":false},"author":1,"featured_media":0,"parent":0,"menu_order":0,"comment_status":"closed","ping_status":"closed","template":"","meta":{"footnotes":""},"class_list":["post-94","page","type-page","status-publish","hentry"],"_links":{"self":[{"href":"https:\/\/www.sainte-croix.org\/index.php?rest_route=\/wp\/v2\/pages\/94"}],"collection":[{"href":"https:\/\/www.sainte-croix.org\/index.php?rest_route=\/wp\/v2\/pages"}],"about":[{"href":"https:\/\/www.sainte-croix.org\/index.php?rest_route=\/wp\/v2\/types\/page"}],"author":[{"embeddable":true,"href":"https:\/\/www.sainte-croix.org\/index.php?rest_route=\/wp\/v2\/users\/1"}],"replies":[{"embeddable":true,"href":"https:\/\/www.sainte-croix.org\/index.php?rest_route=%2Fwp%2Fv2%2Fcomments&post=94"}],"version-history":[{"count":20,"href":"https:\/\/www.sainte-croix.org\/index.php?rest_route=\/wp\/v2\/pages\/94\/revisions"}],"predecessor-version":[{"id":468,"href":"https:\/\/www.sainte-croix.org\/index.php?rest_route=\/wp\/v2\/pages\/94\/revisions\/468"}],"wp:attachment":[{"href":"https:\/\/www.sainte-croix.org\/index.php?rest_route=%2Fwp%2Fv2%2Fmedia&parent=94"}],"curies":[{"name":"wp","href":"https:\/\/api.w.org\/{rel}","templated":true}]}}