{"id":68,"date":"2023-12-02T12:18:43","date_gmt":"2023-12-02T11:18:43","guid":{"rendered":"http:\/\/localhost\/Ecole%20Sainte%20Coix\/?page_id=68"},"modified":"2023-12-04T22:44:46","modified_gmt":"2023-12-04T21:44:46","slug":"gestion-de-lecole","status":"publish","type":"page","link":"https:\/\/www.sainte-croix.org\/?page_id=68","title":{"rendered":"Gestion de l\u2019Ecole"},"content":{"rendered":"\n<p><strong><mark style=\"background-color:rgba(0, 0, 0, 0)\" class=\"has-inline-color has-accent-1-color\"><a href=\"http:\/\/www.sainte-croix.org\/?page_id=74\">OGEC <\/a><\/mark>(Organisme de Gestion de l&rsquo;Enseignement Catholique) :<\/strong> L&rsquo;OGEC de notre \u00e9cole, l&rsquo;Organisme de Gestion de l&rsquo;Enseignement Catholique, est une entit\u00e9 essentielle qui assure la gestion administrative, financi\u00e8re et mat\u00e9rielle de l&rsquo;\u00e9tablissement. Compos\u00e9 de membres b\u00e9n\u00e9voles engag\u00e9s, l&rsquo;OGEC veille \u00e0 garantir les conditions optimales pour le bon fonctionnement de notre \u00e9cole.<\/p>\n\n\n\n<p><strong><mark style=\"background-color:rgba(0, 0, 0, 0)\" class=\"has-inline-color has-accent-1-color\"><a href=\"http:\/\/www.sainte-croix.org\/?page_id=76\">APEL <\/a><\/mark>(Association des Parents d&rsquo;\u00c9l\u00e8ves de l&rsquo;Enseignement Libre) :<\/strong> L&rsquo;APEL, notre Association des Parents d&rsquo;\u00c9l\u00e8ves de l&rsquo;Enseignement Libre, est une communaut\u00e9 dynamique et engag\u00e9e. Les parents membres collaborent \u00e9troitement avec l&rsquo;\u00e9quipe \u00e9ducative pour favoriser le bien-\u00eatre des \u00e9l\u00e8ves et contribuer \u00e0 l&rsquo;animation de la vie scolaire. Ensemble, nous organisons des \u00e9v\u00e9nements, des rencontres et des projets pour renforcer le lien entre l&rsquo;\u00e9cole, les parents et les \u00e9l\u00e8ves.<\/p>\n\n\n\n<p><strong><mark style=\"background-color:rgba(0, 0, 0, 0)\" class=\"has-inline-color has-accent-1-color\"><a href=\"http:\/\/www.sainte-croix.org\/?page_id=128\">CASTOR <\/a><\/mark><\/strong><mark style=\"background-color:rgba(0, 0, 0, 0)\" class=\"has-inline-color has-accent-1-color\">: <\/mark>une \u00e9quipe de parents volontaires et solidaires qui, par leur petites aides \u00e7a et l\u00e0, fait en sorte d&rsquo;am\u00e9liorer le quotidien de nos enfants&#8230;.Merci P\u00e8re Castor !<\/p>\n","protected":false},"excerpt":{"rendered":"<p>OGEC (Organisme de Gestion de l&rsquo;Enseignement Catholique) : L&rsquo;OGEC de notre \u00e9cole, l&rsquo;Organisme de Gestion de l&rsquo;Enseignement Catholique, est une entit\u00e9 essentielle qui assure la &hellip;<\/p>\n","protected":false},"author":1,"featured_media":0,"parent":0,"menu_order":0,"comment_status":"closed","ping_status":"closed","template":"","meta":{"footnotes":""},"class_list":["post-68","page","type-page","status-publish","hentry"],"_links":{"self":[{"href":"https:\/\/www.sainte-croix.org\/index.php?rest_route=\/wp\/v2\/pages\/68"}],"collection":[{"href":"https:\/\/www.sainte-croix.org\/index.php?rest_route=\/wp\/v2\/pages"}],"about":[{"href":"https:\/\/www.sainte-croix.org\/index.php?rest_route=\/wp\/v2\/types\/page"}],"author":[{"embeddable":true,"href":"https:\/\/www.sainte-croix.org\/index.php?rest_route=\/wp\/v2\/users\/1"}],"replies":[{"embeddable":true,"href":"https:\/\/www.sainte-croix.org\/index.php?rest_route=%2Fwp%2Fv2%2Fcomments&post=68"}],"version-history":[{"count":3,"href":"https:\/\/www.sainte-croix.org\/index.php?rest_route=\/wp\/v2\/pages\/68\/revisions"}],"predecessor-version":[{"id":250,"href":"https:\/\/www.sainte-croix.org\/index.php?rest_route=\/wp\/v2\/pages\/68\/revisions\/250"}],"wp:attachment":[{"href":"https:\/\/www.sainte-croix.org\/index.php?rest_route=%2Fwp%2Fv2%2Fmedia&parent=68"}],"curies":[{"name":"wp","href":"https:\/\/api.w.org\/{rel}","templated":true}]}}