{"id":431,"date":"2024-06-10T15:42:56","date_gmt":"2024-06-10T13:42:56","guid":{"rendered":"https:\/\/www.sainte-croix.org\/?page_id=431"},"modified":"2024-06-14T11:16:26","modified_gmt":"2024-06-14T09:16:26","slug":"evenements","status":"publish","type":"page","link":"https:\/\/www.sainte-croix.org\/?page_id=431","title":{"rendered":"\u00c9v\u00e8nements"},"content":{"rendered":"<p>Bienvenue sur la page des \u00c9v\u00e8nements de l&rsquo;\u00c9cole Primaire Sainte Croix. Ici, vous trouverez toutes les informations sur les activit\u00e9s et les manifestations organis\u00e9es tout au long de l&rsquo;ann\u00e9e. Nous sommes impatients de vous voir participer et de partager avec vous ces moments privil\u00e9gi\u00e9s.<\/p>\n<p>Pour commencer, laissez nous vous pr\u00e9senter la Kermesse\u00a0 de cette ann\u00e9e 2024 :<\/p>\n<div class=\"html-div xe8uvvx xdj266r x11i5rnm xat24cr x1mh8g0r xexx8yu x4uap5 x18d9i69 xkhd6sd\" dir=\"auto\">\n<div class=\"html-div xe8uvvx xdj266r x11i5rnm xat24cr x1mh8g0r xexx8yu x4uap5 x18d9i69 xkhd6sd\" dir=\"auto\">\n<div class=\"x1iorvi4 x1pi30zi x1l90r2v x1swvt13\" data-ad-comet-preview=\"message\" data-ad-preview=\"message\">\n<div class=\"x78zum5 xdt5ytf xz62fqu x16ldp7u\">\n<div class=\"xu06os2 x1ok221b\">\n<div class=\"xdj266r x11i5rnm xat24cr x1mh8g0r x1vvkbs x126k92a\">\n<div dir=\"auto\"><span class=\"html-span xexx8yu x4uap5 x18d9i69 xkhd6sd x1hl2dhg x16tdsg8 x1vvkbs x3nfvp2 x1j61x8r x1fcty0u xdj266r xat24cr xgzva0m xhhsvwb xxymvpz xlup9mm x1kky2od\"><img loading=\"lazy\" decoding=\"async\" class=\"xz74otr\" src=\"https:\/\/static.xx.fbcdn.net\/images\/emoji.php\/v9\/t2b\/1\/16\/1f399.png\" alt=\"\ud83c\udf99\ufe0f\" width=\"16\" height=\"16\" \/><\/span> Flash info : Grosse nouveaut\u00e9 !<\/div>\n<\/div>\n<div class=\"x11i5rnm xat24cr x1mh8g0r x1vvkbs xtlvy1s x126k92a\">\n<div dir=\"auto\">Notre belle kermesse va \u00eatre d\u00e9localis\u00e9e cette ann\u00e9e sur le tr\u00e8s beau site du <span class=\"html-span xdj266r x11i5rnm xat24cr x1mh8g0r xexx8yu x4uap5 x18d9i69 xkhd6sd x1hl2dhg x16tdsg8 x1vvkbs\"><a class=\"x1i10hfl xjbqb8w x1ejq31n xd10rxx x1sy0etr x17r0tee x972fbf xcfux6l x1qhh985 xm0m39n x9f619 x1ypdohk xt0psk2 xe8uvvx xdj266r x11i5rnm xat24cr x1mh8g0r xexx8yu x4uap5 x18d9i69 xkhd6sd x16tdsg8 x1hl2dhg xggy1nq x1a2a7pz x1sur9pj xkrqix3 x1fey0fg xo1l8bm\" tabindex=\"0\" role=\"link\" href=\"https:\/\/www.facebook.com\/Flamarens?__cft__[0]=AZU-DnoIRj-93bLPjrAjUNfo6D6wx0ELNj5_nI3NURyN6fQb5z-UpGVmYH8AMhavFnRDN0SZD-1yb74pdj3flXXb3Zn4O3y2HXKUFEbVvXOeLe1bfoRIutSE66sUKvAR_MSnHCzw0IXENeo6yt-0r7_xwA2Oqn7XZeq6olDBm1tOjgVp1esoLJrVdZWp69wm3H0XeJ3CDmhJa71-ztEJ_x7L1ScSsr8LiB5ujNFYbmLibbxeTjrJMcfbWp5zXMUPqiM&amp;__tn__=-]K-y-R\"><span class=\"xt0psk2\">Lyc\u00e9e Professionnel Agricole de Lavaur-Flamarens<\/span><\/a><\/span><\/div>\n<\/div>\n<div class=\"x11i5rnm xat24cr x1mh8g0r x1vvkbs xtlvy1s x126k92a\">\n<div dir=\"auto\">Nous en profitons pour les remercier tr\u00e8s chaleureusement pour leur accueil. <span class=\"html-span xexx8yu x4uap5 x18d9i69 xkhd6sd x1hl2dhg x16tdsg8 x1vvkbs x3nfvp2 x1j61x8r x1fcty0u xdj266r xat24cr xgzva0m xhhsvwb xxymvpz xlup9mm x1kky2od\"><img loading=\"lazy\" decoding=\"async\" class=\"xz74otr\" src=\"https:\/\/static.xx.fbcdn.net\/images\/emoji.php\/v9\/tfb\/1\/16\/263a.png\" alt=\"\u263a\ufe0f\" width=\"16\" height=\"16\" \/><\/span><\/div>\n<\/div>\n<div class=\"x11i5rnm xat24cr x1mh8g0r x1vvkbs xtlvy1s x126k92a\">\n<div dir=\"auto\">Ce changement a lieu en raison de la fermeture pour travaux du chai des Clauzades.<\/div>\n<\/div>\n<div class=\"x11i5rnm xat24cr x1mh8g0r x1vvkbs xtlvy1s x126k92a\">\n<div dir=\"auto\">Mais pas d\u2019inqui\u00e9tude, le format reste inchang\u00e9 et on vous promet que vous ne serez pas d\u00e9\u00e7us !! <span class=\"html-span xexx8yu x4uap5 x18d9i69 xkhd6sd x1hl2dhg x16tdsg8 x1vvkbs x3nfvp2 x1j61x8r x1fcty0u xdj266r xat24cr xgzva0m xhhsvwb xxymvpz xlup9mm x1kky2od\"><img loading=\"lazy\" decoding=\"async\" class=\"xz74otr\" src=\"https:\/\/static.xx.fbcdn.net\/images\/emoji.php\/v9\/t58\/1\/16\/1f929.png\" alt=\"\ud83e\udd29\" width=\"16\" height=\"16\" \/><\/span><\/div>\n<\/div>\n<div class=\"x11i5rnm xat24cr x1mh8g0r x1vvkbs xtlvy1s x126k92a\">\n<div dir=\"auto\">Tout y est r\u00e9uni afin de partager ensemble une tr\u00e8s belle apr\u00e8s-midi &amp; soir\u00e9e en toute s\u00e9curit\u00e9.<\/div>\n<\/div>\n<div class=\"x11i5rnm xat24cr x1mh8g0r x1vvkbs xtlvy1s x126k92a\">\n<div dir=\"auto\"><\/div>\n<div dir=\"auto\" style=\"text-align: center;\">Afin que tous les enfants puissent en profiter sans contraintes, nous vous invitons \u00e0 vous rendre sur :<br \/>\n<a href=\"https:\/\/www.payasso.fr\/ecole-sainte-croix-lavaur\/paiement\"><em><strong>\u00ab\u00a0La plateforme en ligne de l&rsquo;\u00e9cole Sainte Croix\u00a0\u00bb<\/strong><\/em><\/a><\/div>\n<div dir=\"auto\">\n<p>Vous trouverez la possibilit\u00e9 d&rsquo;acheter des cartes pour la partie jeux &amp; activit\u00e9s sportives, ainsi que la possibilit\u00e9 de r\u00e9server vos repas, adultes ou enfants.<\/p>\n<p>Cette page de r\u00e9servation est aussi accessible via ce QR.Code :<\/p>\n<p><img loading=\"lazy\" decoding=\"async\" class=\"aligncenter\" src=\"http:\/\/www.sainte-croix.org\/wp-content\/uploads\/QRCODE-kermesse2024.jpg\" alt=\"\" width=\"187\" height=\"187\" \/><\/p>\n<p>Plus plus de libert\u00e9, n&rsquo;h\u00e9sitez pas \u00e0 r\u00e9server !<\/p>\n<\/div>\n<\/div>\n<div class=\"x11i5rnm xat24cr x1mh8g0r x1vvkbs xtlvy1s x126k92a\">\n<div dir=\"auto\"><\/div>\n<\/div>\n<\/div>\n<\/div>\n<\/div>\n<\/div>\n<\/div>\n","protected":false},"excerpt":{"rendered":"<p>Bienvenue sur la page des \u00c9v\u00e8nements de l&rsquo;\u00c9cole Primaire Sainte Croix. Ici, vous trouverez toutes les informations sur les activit\u00e9s et les manifestations organis\u00e9es tout &hellip;<\/p>\n","protected":false},"author":1,"featured_media":0,"parent":0,"menu_order":0,"comment_status":"closed","ping_status":"closed","template":"","meta":{"footnotes":""},"class_list":["post-431","page","type-page","status-publish","hentry"],"_links":{"self":[{"href":"https:\/\/www.sainte-croix.org\/index.php?rest_route=\/wp\/v2\/pages\/431"}],"collection":[{"href":"https:\/\/www.sainte-croix.org\/index.php?rest_route=\/wp\/v2\/pages"}],"about":[{"href":"https:\/\/www.sainte-croix.org\/index.php?rest_route=\/wp\/v2\/types\/page"}],"author":[{"embeddable":true,"href":"https:\/\/www.sainte-croix.org\/index.php?rest_route=\/wp\/v2\/users\/1"}],"replies":[{"embeddable":true,"href":"https:\/\/www.sainte-croix.org\/index.php?rest_route=%2Fwp%2Fv2%2Fcomments&post=431"}],"version-history":[{"count":8,"href":"https:\/\/www.sainte-croix.org\/index.php?rest_route=\/wp\/v2\/pages\/431\/revisions"}],"predecessor-version":[{"id":455,"href":"https:\/\/www.sainte-croix.org\/index.php?rest_route=\/wp\/v2\/pages\/431\/revisions\/455"}],"wp:attachment":[{"href":"https:\/\/www.sainte-croix.org\/index.php?rest_route=%2Fwp%2Fv2%2Fmedia&parent=431"}],"curies":[{"name":"wp","href":"https:\/\/api.w.org\/{rel}","templated":true}]}}