{"id":259,"date":"2023-12-04T23:04:33","date_gmt":"2023-12-04T22:04:33","guid":{"rendered":"http:\/\/localhost\/Ecole%20Sainte%20Coix\/?page_id=259"},"modified":"2024-01-28T17:40:37","modified_gmt":"2024-01-28T16:40:37","slug":"tarifs-2023-2024","status":"publish","type":"page","link":"https:\/\/www.sainte-croix.org\/?page_id=259","title":{"rendered":"Tarifs 2024 &#8211; 2025"},"content":{"rendered":"\n<h2 class=\"wp-block-heading alignwide has-accent-1-color has-text-color has-link-color wp-elements-3d71367d88f11a1c4d3f2a3437bdd9c3\">\u2003\u2003\u2003\u2003\u2003\u2003\u2002 <strong>Fiche de tarification \u2013 2024 \/ 2025<\/strong><\/h2>\n\n\n\n<p class=\"has-accent-1-color has-text-color has-link-color wp-elements-8be760a665544ae24e251b60343e971a\"><strong>Frais de premi\u00e8re inscription<\/strong> (pour chaque nouvel arrivant)&nbsp;: &nbsp;&nbsp;&nbsp;&nbsp;&nbsp; <strong>40,00 \u20ac<\/strong><\/p>\n\n\n\n<p><em>R\u00e8glement par ch\u00e8que lors de la pr\u00e9-inscription pour valider l\u2019inscription<\/em><\/p>\n\n\n\n<p><strong>Forfait mensuel (sur 10 mois)&nbsp;:<\/strong><\/p>\n\n\n\n<figure class=\"wp-block-table\"><table><tbody><tr><td><strong>&nbsp;<\/strong><\/td><td><strong>1<sup>er<\/sup> enfant<\/strong><\/td><td><strong>Pour<\/strong><strong> 2 enfants<\/strong><\/td><td><strong>Pour<\/strong><strong> 3 enfants<\/strong><\/td><\/tr><tr><td><strong>Participation famille (obligatoire) mensuelle<\/strong><\/td><td><strong>59,00 \u20ac<\/strong><\/td><td><strong>107,50 \u20ac<\/strong><\/td><td><strong>153,00 \u20ac<\/strong><\/td><\/tr><\/tbody><\/table><\/figure>\n\n\n\n<p><em>Pour information, le forfait comprend&nbsp;: la cotisation APEL (24,00 \u20ac), l\u2019adh\u00e9sion \u00e0 la mutuelle St Christophe, la participation aux frais de gestion de l\u2019Ecole<\/em><\/p>\n\n\n\n<p>Modalit\u00e9s de r\u00e8glement&nbsp;:&nbsp; Annuel ou Mensualis\u00e9 (sur 10 mois)<\/p>\n\n\n\n<p><em>NOTA&nbsp;: en cas de paiement <strong>annuel<\/strong> par ch\u00e8que =&gt; <\/em><em>Etablir \u00e0 l\u2019ordre de <strong>OGEC Ste Croix \/ <\/strong>les mensualit\u00e9s seront en pr\u00e9l\u00e8vement automatique<\/em><strong><em><\/em><\/strong><\/p>\n\n\n\n<p class=\"has-accent-1-color has-text-color has-link-color wp-elements-74d7a06aa959f783619963efdab456d2\"><strong>Tarif de la garderie&nbsp;:<\/strong><\/p>\n\n\n\n<p>La garderie est payante de 7h30 \u00e0 8h00 (d\u00e9but des cours \u00e0 8h30) et de 17h00 \u00e0 19h00 (fin des cours \u00e0 16h30).<\/p>\n\n\n\n<figure class=\"wp-block-table\"><table><tbody><tr><td><strong>&nbsp;<\/strong><\/td><td><strong>1 enfant<\/strong><\/td><td><strong>2 enfants<\/strong><\/td><td><strong>3 enfants<\/strong><\/td><\/tr><tr><td><strong>Tarif de garderie mensualis\u00e9e sur 10 mois (forfait)<\/strong><\/td><td><strong>16,00 \u20ac<\/strong><\/td><td><strong>&nbsp;&nbsp; 28,00 \u20ac<\/strong><\/td><td><strong>40,00 \u20ac<\/strong><\/td><\/tr><\/tbody><\/table><\/figure>\n\n\n\n<p>Tarification de la garderie occasionnelle&nbsp;:<\/p>\n\n\n\n<ul class=\"wp-block-list\">\n<li>Co\u00fbt \u00e0 la journ\u00e9e\u00a0: 2,50 \u20ac<\/li>\n\n\n\n<li>Co\u00fbt de la matin\u00e9e (seule)\u00a0: 0,50 \u20ac<\/li>\n\n\n\n<li>Co\u00fbt de la soir\u00e9e (seule)\u00a0: 2,00 \u20ac<\/li>\n<\/ul>\n\n\n\n<p class=\"has-accent-1-color has-text-color has-link-color wp-elements-d526cc6146abad4e8dc5e25c4adf3b6d\"><strong>Cantine&nbsp;:<\/strong><\/p>\n\n\n\n<p>La cantine se r\u00e9serve sur <strong>Ecole Directe<\/strong>, 3 jours OUVRES minimum avant le passage. Le repas est factur\u00e9 5,30 \u20ac. Ce co\u00fbt comprend le prix du repas de la cantine centrale de Lavaur, ainsi que l\u2019encadrement et le personnel de restauration. \u00a0<\/p>\n\n\n\n<p><em>Des conventions \u00ab&nbsp;gamelles&nbsp;\u00bb peuvent \u00eatre autoris\u00e9es dans certaines cas (r\u00e9gime particulier, PAI alimentaire\u2026) sur demande et validation de la direction (prix de la gamelle 2\u20ac).<\/em><\/p>\n\n\n\n<p class=\"has-accent-1-color has-text-color has-link-color wp-elements-9913c1347823d95fbd1b7d46b6bb4ac2\"><strong>Budget Classe&nbsp;:<\/strong><\/p>\n\n\n\n<p>Le budget classe est une participation des parents \u00e0 l\u2019achat de mat\u00e9riels et mat\u00e9riaux \u00e9ducatifs, pour la vie de la classe. Une partie de ce budget finance \u00e9galement des activit\u00e9s (cin\u00e9ma, spectacles, etc..) ainsi que les moyens de transports pour ces sorties r\u00e9guli\u00e8res de l\u2019ann\u00e9e. Des participations ponctuelles pour des sorties sp\u00e9cifiques (sorties de fin d\u2019ann\u00e9es, etc..) peuvent \u00eatre \u00e9galement demand\u00e9es au cours de l\u2019ann\u00e9e.<\/p>\n\n\n\n<figure class=\"wp-block-table\"><table><tbody><tr><td><strong>&nbsp;<\/strong><\/td><td><strong>TPS \/ PS \/ MS<\/strong><\/td><td><strong>GS<\/strong><\/td><td><strong>CP \/ CE \/ CM<\/strong><\/td><\/tr><tr><td><strong>Budget classes<\/strong><\/td><td><strong>35,00 \u20ac<\/strong><\/td><td><strong>35,00 \u20ac<\/strong><\/td><td><strong>30,00 \u20ac<\/strong><\/td><\/tr><tr><td><strong>Budget participation aux transports<\/strong><\/td><td><strong>15,00 \u20ac<\/strong><\/td><td><strong>15,00 \u20ac<\/strong><\/td><td><strong>25,00 \u20ac<\/strong><\/td><\/tr><\/tbody><\/table><\/figure>\n\n\n\n<p><em>Ce budget est pr\u00e9lev\u00e9 avec les frais de scolarit\u00e9.<\/em><\/p>\n\n\n\n<h1 class=\"wp-block-heading has-accent-1-color has-text-color has-link-color wp-elements-a95dfc568534dd5cbd6c568ffbefb074\">\u2003\u2003\u2003\u2003\u2003\u2002<strong><strong>Convention financi\u00e8re<\/strong><\/strong><\/h1>\n\n\n\n<p>L\u2019inscription de l\u2019enfant dans l\u2019\u00e9tablissement implique l\u2019acceptation de la pr\u00e9sente convention financi\u00e8re.<strong><\/strong><\/p>\n\n\n\n<p class=\"has-accent-1-color has-text-color has-link-color wp-elements-06196036b0ef8519e04689ab9c84d894\" style=\"text-decoration:underline\"><strong>Article 1<\/strong><\/p>\n\n\n\n<p>Le paiement de la contribution est obligatoire pour tout \u00e9l\u00e8ve inscrit dans l\u2019\u00e9tablissement.<\/p>\n\n\n\n<p class=\"has-accent-1-color has-text-color has-link-color wp-elements-8e4ede76155942b9e695227b3584e55c\" style=\"text-decoration:underline\"><strong>Article 2<\/strong><\/p>\n\n\n\n<p>Tout trimestre commenc\u00e9 est d\u00fb en int\u00e9gralit\u00e9 qu\u2019il comporte ou non des voyages, des sorties scolaires ou vacances.<\/p>\n\n\n\n<p>Aucune r\u00e9duction ne sera accord\u00e9e.<\/p>\n\n\n\n<p class=\"has-accent-1-color has-text-color has-link-color wp-elements-f2742899c2a9a76482d9904351514f31\" style=\"text-decoration:underline\"><strong>Article 3<\/strong><\/p>\n\n\n\n<p>Les sommes figurant sur la fiche de facturation 2023-2024 (ci-dessus) seront pr\u00e9lev\u00e9es tous les mois entre le 5 et 10 du mois.<\/p>\n\n\n\n<p>En cas de rejet de pr\u00e9l\u00e8vement, des frais seront factur\u00e9s \u00e0 hauteur de 10 \u20ac<\/p>\n\n\n\n<p class=\"has-accent-1-color has-text-color has-link-color wp-elements-0db24705d1ecba5b8674a6f28c48b710\" style=\"text-decoration:underline\"><strong>Article 4<\/strong><\/p>\n\n\n\n<p>En cas de non-paiement de la facturation, l\u2019\u00e9tablissement se r\u00e9serve le droit d\u2019engager des poursuites et d\u2019exclure l\u2019enfant.<\/p>\n\n\n\n<p>Par ailleurs, des p\u00e9nalit\u00e9s pourront \u00eatre \u00e9galement appliqu\u00e9es.<\/p>\n\n\n\n<p class=\"has-accent-1-color has-text-color has-link-color wp-elements-a31b9a1c498f2889551819ee0f1c964d\" style=\"text-decoration:underline\"><strong>Article 5<\/strong><\/p>\n\n\n\n<p>Le chef d\u2019\u00e9tablissement et le pr\u00e9sident de l\u2019OGEC pourront accorder des \u00e9talements de paiements sp\u00e9cifiques pour les familles en difficult\u00e9s, apr\u00e8s \u00e9tude de dossier pour la contribution scolaire seulement.<\/p>\n\n\n\n<p class=\"has-accent-1-color has-text-color has-link-color wp-elements-9b030e0a9f009c75edda3fc59af80605\" style=\"text-decoration:underline\"><strong>Article 6<\/strong><\/p>\n\n\n\n<p>L\u2019adh\u00e9sion de l\u2019\u00e9tablissement aux instances de l\u2019Enseignement Catholique entra\u00eene la perception d\u2019une cotisation dioc\u00e9saine (nul lien avec la cat\u00e9ch\u00e8se ou le culte). Cette cotisation obligatoire incluse dans la facturation annuelle, est revers\u00e9e int\u00e9gralement aux instances de l\u2019Enseignement Catholique.<\/p>\n\n\n\n<p class=\"has-accent-1-color has-text-color has-link-color wp-elements-4fd43d8838ce7c99e9ce806d1def5d5a\" style=\"text-decoration:underline\"><strong>Article 7<\/strong><\/p>\n\n\n\n<p>La responsabilit\u00e9 civile et l&rsquo;individuelle accident sont obligatoires pour tout enfant inscrit dans l&rsquo;\u00e9tablissement.<\/p>\n\n\n\n<p>L&rsquo;assurance Saint Christophe (Individuelle Accident) est comprise dans le forfait de la scolarit\u00e9. Toutefois, son co\u00fbt pourra \u00eatre d\u00e9duit sur pr\u00e9sentation d&rsquo;un justificatif.<\/p>\n\n\n\n<p class=\"has-accent-1-color has-text-color has-link-color wp-elements-665258161278d7f144dee9029aa9eeee\" style=\"text-decoration:underline\"><strong>Article 8<\/strong><\/p>\n\n\n\n<p>La cotisation \u00e0 l\u2019APEL bien que facultative est incluse dans la facturation annuelle. Toute personne ne souhaitant pas adh\u00e9rer \u00e0 l\u2019APEL devra le signaler lors de l\u2019inscription.<\/p>\n\n\n\n<p><\/p>\n","protected":false},"excerpt":{"rendered":"<p>\u2003\u2003\u2003\u2003\u2003\u2003\u2002 Fiche de tarification \u2013 2024 \/ 2025 Frais de premi\u00e8re inscription (pour chaque nouvel arrivant)&nbsp;: &nbsp;&nbsp;&nbsp;&nbsp;&nbsp; 40,00 \u20ac R\u00e8glement par ch\u00e8que lors de la &hellip;<\/p>\n","protected":false},"author":1,"featured_media":0,"parent":0,"menu_order":0,"comment_status":"closed","ping_status":"closed","template":"","meta":{"footnotes":""},"class_list":["post-259","page","type-page","status-publish","hentry"],"_links":{"self":[{"href":"https:\/\/www.sainte-croix.org\/index.php?rest_route=\/wp\/v2\/pages\/259"}],"collection":[{"href":"https:\/\/www.sainte-croix.org\/index.php?rest_route=\/wp\/v2\/pages"}],"about":[{"href":"https:\/\/www.sainte-croix.org\/index.php?rest_route=\/wp\/v2\/types\/page"}],"author":[{"embeddable":true,"href":"https:\/\/www.sainte-croix.org\/index.php?rest_route=\/wp\/v2\/users\/1"}],"replies":[{"embeddable":true,"href":"https:\/\/www.sainte-croix.org\/index.php?rest_route=%2Fwp%2Fv2%2Fcomments&post=259"}],"version-history":[{"count":19,"href":"https:\/\/www.sainte-croix.org\/index.php?rest_route=\/wp\/v2\/pages\/259\/revisions"}],"predecessor-version":[{"id":327,"href":"https:\/\/www.sainte-croix.org\/index.php?rest_route=\/wp\/v2\/pages\/259\/revisions\/327"}],"wp:attachment":[{"href":"https:\/\/www.sainte-croix.org\/index.php?rest_route=%2Fwp%2Fv2%2Fmedia&parent=259"}],"curies":[{"name":"wp","href":"https:\/\/api.w.org\/{rel}","templated":true}]}}