{"id":162,"date":"2023-12-04T00:17:32","date_gmt":"2023-12-03T23:17:32","guid":{"rendered":"http:\/\/localhost\/Ecole%20Sainte%20Coix\/?page_id=162"},"modified":"2024-06-14T11:47:10","modified_gmt":"2024-06-14T09:47:10","slug":"visite-virtuelle","status":"publish","type":"page","link":"https:\/\/www.sainte-croix.org\/?page_id=162","title":{"rendered":"Pr\u00e9sentation de l&rsquo;Ecole"},"content":{"rendered":"\r\n<p>L\u00e0 o\u00f9 chaque brique raconte une histoire, chaque fen\u00eatre embrasse la lumi\u00e8re de la curiosit\u00e9, et chaque porte s&rsquo;ouvre sur un monde de d\u00e9couvertes infinies. La magie commence d\u00e8s que vous franchissez ces portes color\u00e9es, annon\u00e7ant un voyage extraordinaire au c\u0153ur de l&rsquo;apprentissage ludique.<\/p>\r\n\r\n\r\n\r\n<p>&nbsp;<\/p>\r\n\r\n\r\n<div class=\"wp-block-image\">\r\n<figure class=\"alignleft size-large is-resized\"><img loading=\"lazy\" decoding=\"async\" width=\"799\" height=\"1024\" class=\"wp-image-335\" style=\"width: 316px; height: auto;\" src=\"http:\/\/www.sainte-croix.org\/wp-content\/uploads\/IMG_4222-799x1024.jpg\" alt=\"\" srcset=\"https:\/\/www.sainte-croix.org\/wp-content\/uploads\/IMG_4222-799x1024.jpg 799w, https:\/\/www.sainte-croix.org\/wp-content\/uploads\/IMG_4222-234x300.jpg 234w, https:\/\/www.sainte-croix.org\/wp-content\/uploads\/IMG_4222-768x984.jpg 768w, https:\/\/www.sainte-croix.org\/wp-content\/uploads\/IMG_4222-1199x1536.jpg 1199w, https:\/\/www.sainte-croix.org\/wp-content\/uploads\/IMG_4222-1598x2048.jpg 1598w, https:\/\/www.sainte-croix.org\/wp-content\/uploads\/IMG_4222-scaled.jpg 1998w\" sizes=\"(max-width: 799px) 100vw, 799px\" \/><\/figure><\/div>\r\n\r\n\r\n<p>Cette fa\u00e7ade, non seulement est le visage souriant de notre \u00e9cole, mais elle repr\u00e9sente aussi le premier chapitre d&rsquo;une aventure captivante. Les murs respirent l&rsquo;\u00e9nergie enfantine, les couleurs dansent en harmonie, et les jeux de lumi\u00e8re t\u00e9moignent des \u00e9clats de rire qui r\u00e9sonnent chaque jour dans nos salles de classe.<\/p>\r\n\r\n\r\n\r\n<p>Alors, \u00eates-vous pr\u00eat(e) \u00e0 plonger dans notre monde de merveilles \u00e9ducatives ? Ouvrez la porte, entrez, et laissez l&rsquo;\u00e9cole maternelle Sainte Croix \u00e9crire avec vous les premi\u00e8res lignes de cette histoire inoubliable de vos enfants&#8230;.<\/p>\r\n\r\n\r\n\r\n<p>&nbsp;<\/p>\r\n\r\n\r\n\r\n<p>&nbsp;<\/p>\r\n\r\n\r\n\r\n<div class=\"wp-block-spacer\" style=\"height: 30px;\" aria-hidden=\"true\">\u00a0<\/div>\r\n\r\n\r\n<hr class=\"wp-block-separator has-alpha-channel-opacity\" \/>\r\n\r\n\r\n<p>Bienvenue dans la Cour des Possibilit\u00e9s, o\u00f9 chaque \u00e9clat de rire r\u00e9sonne comme une m\u00e9lodie joyeuse et chaque coin promet une aventure nouvelle. Sous le ciel \u00e9clatant, notre cour de r\u00e9cr\u00e9ation est le terrain de jeu id\u00e9al pour nos petits explorateurs en herbe.<\/p>\r\n\r\n\r\n<div class=\"wp-block-image\">\r\n<figure class=\"alignleft size-large is-resized\"><img loading=\"lazy\" decoding=\"async\" width=\"316\" height=\"237\" class=\"wp-image-340\" style=\"width: 316px;\" src=\"http:\/\/www.sainte-croix.org\/wp-content\/uploads\/IMG_4237-1024x768.jpg\" alt=\"\" srcset=\"https:\/\/www.sainte-croix.org\/wp-content\/uploads\/IMG_4237-1024x768.jpg 1024w, https:\/\/www.sainte-croix.org\/wp-content\/uploads\/IMG_4237-300x225.jpg 300w, https:\/\/www.sainte-croix.org\/wp-content\/uploads\/IMG_4237-768x576.jpg 768w, https:\/\/www.sainte-croix.org\/wp-content\/uploads\/IMG_4237-1536x1152.jpg 1536w, https:\/\/www.sainte-croix.org\/wp-content\/uploads\/IMG_4237-2048x1536.jpg 2048w, https:\/\/www.sainte-croix.org\/wp-content\/uploads\/IMG_4237-400x300.jpg 400w\" sizes=\"(max-width: 316px) 100vw, 316px\" \/><\/figure><\/div>\r\n\r\n\r\n<p>Ici le terrain de foot se confond avec celui de basket. Tous deux respirent cette \u00e9nergie vibrante, o\u00f9 chaque but est une victoire et chaque dribble est une danse. Tout est invitation aux futurs champions \u00e0 affuter leurs comp\u00e9tences sportives. Les rires r\u00e9sonnent \u00e0 travers les poteaux, cr\u00e9ant une symphonie sportive.<\/p>\r\n\r\n\r\n\r\n<p>&nbsp;<\/p>\r\n\r\n\r\n\r\n<p>&nbsp;<\/p>\r\n\r\n\r\n\r\n<div class=\"wp-block-spacer\" style=\"height: 30px;\" aria-hidden=\"true\">\u00a0<\/div>\r\n\r\n\r\n\r\n<p>Entre les rires et les cris, d\u00e9couvrez notre coin de verdure o\u00f9 des arbres g\u00e9n\u00e9reux offrent leur ombre protectrice. C&rsquo;est l&rsquo;endroit parfait pour un moment de calme, un lieu o\u00f9 les r\u00eaves prennent racine.<\/p>\r\n\r\n\r\n\r\n<figure class=\"wp-block-gallery has-nested-images columns-default is-cropped wp-block-gallery-1 is-layout-flex wp-block-gallery-is-layout-flex\">\r\n<figure class=\"wp-block-image size-large\"><img loading=\"lazy\" decoding=\"async\" width=\"1024\" height=\"768\" data-id=\"342\" class=\"wp-image-342\" src=\"https:\/\/www.sainte-croix.org\/wp-content\/uploads\/IMG_4246-1024x768.jpg\" alt=\"\" srcset=\"https:\/\/www.sainte-croix.org\/wp-content\/uploads\/IMG_4246-1024x768.jpg 1024w, https:\/\/www.sainte-croix.org\/wp-content\/uploads\/IMG_4246-300x225.jpg 300w, https:\/\/www.sainte-croix.org\/wp-content\/uploads\/IMG_4246-768x576.jpg 768w, https:\/\/www.sainte-croix.org\/wp-content\/uploads\/IMG_4246-1536x1152.jpg 1536w, https:\/\/www.sainte-croix.org\/wp-content\/uploads\/IMG_4246-2048x1536.jpg 2048w, https:\/\/www.sainte-croix.org\/wp-content\/uploads\/IMG_4246-400x300.jpg 400w\" sizes=\"(max-width: 1024px) 100vw, 1024px\" \/><\/figure>\r\n\r\n\r\n\r\n<figure class=\"wp-block-image size-large\"><img loading=\"lazy\" decoding=\"async\" width=\"1024\" height=\"701\" data-id=\"339\" class=\"wp-image-339\" src=\"https:\/\/www.sainte-croix.org\/wp-content\/uploads\/IMG_4230-1024x701.jpg\" alt=\"\" srcset=\"https:\/\/www.sainte-croix.org\/wp-content\/uploads\/IMG_4230-1024x701.jpg 1024w, https:\/\/www.sainte-croix.org\/wp-content\/uploads\/IMG_4230-300x205.jpg 300w, https:\/\/www.sainte-croix.org\/wp-content\/uploads\/IMG_4230-768x526.jpg 768w, https:\/\/www.sainte-croix.org\/wp-content\/uploads\/IMG_4230-1536x1052.jpg 1536w, https:\/\/www.sainte-croix.org\/wp-content\/uploads\/IMG_4230-2048x1402.jpg 2048w, https:\/\/www.sainte-croix.org\/wp-content\/uploads\/IMG_4230-438x300.jpg 438w\" sizes=\"(max-width: 1024px) 100vw, 1024px\" \/><\/figure>\r\n\r\n\r\n\r\n<figure class=\"wp-block-image size-large\"><img loading=\"lazy\" decoding=\"async\" width=\"768\" height=\"1024\" data-id=\"337\" class=\"wp-image-337\" src=\"https:\/\/www.sainte-croix.org\/wp-content\/uploads\/IMG_4227-768x1024.jpg\" alt=\"\" srcset=\"https:\/\/www.sainte-croix.org\/wp-content\/uploads\/IMG_4227-768x1024.jpg 768w, https:\/\/www.sainte-croix.org\/wp-content\/uploads\/IMG_4227-225x300.jpg 225w, https:\/\/www.sainte-croix.org\/wp-content\/uploads\/IMG_4227-1152x1536.jpg 1152w, https:\/\/www.sainte-croix.org\/wp-content\/uploads\/IMG_4227-1536x2048.jpg 1536w, https:\/\/www.sainte-croix.org\/wp-content\/uploads\/IMG_4227-scaled.jpg 1920w\" sizes=\"(max-width: 768px) 100vw, 768px\" \/><\/figure>\r\n<\/figure>\r\n\r\n\r\n\r\n<div class=\"wp-block-spacer\" style=\"height: 30px;\" aria-hidden=\"true\">\u00a0<\/div>\r\n\r\n\r\n\r\n<p>Sous un toit accueillant, des tables color\u00e9es invitent \u00e0 la cr\u00e9ativit\u00e9. C&rsquo;est ici que naissent les chefs-d&rsquo;\u0153uvre artistiques, les tours de cartes les plus \u00e9labor\u00e9es et les amiti\u00e9s qui durent toute une vie.<\/p>\r\n\r\n\r\n\r\n<figure class=\"wp-block-gallery has-nested-images columns-default is-cropped wp-block-gallery-2 is-layout-flex wp-block-gallery-is-layout-flex\">\r\n<figure class=\"wp-block-image size-large\"><img loading=\"lazy\" decoding=\"async\" width=\"768\" height=\"1024\" data-id=\"344\" class=\"wp-image-344\" src=\"https:\/\/www.sainte-croix.org\/wp-content\/uploads\/IMG_4255-768x1024.jpg\" alt=\"\" srcset=\"https:\/\/www.sainte-croix.org\/wp-content\/uploads\/IMG_4255-768x1024.jpg 768w, https:\/\/www.sainte-croix.org\/wp-content\/uploads\/IMG_4255-225x300.jpg 225w, https:\/\/www.sainte-croix.org\/wp-content\/uploads\/IMG_4255-1152x1536.jpg 1152w, https:\/\/www.sainte-croix.org\/wp-content\/uploads\/IMG_4255-1536x2048.jpg 1536w, https:\/\/www.sainte-croix.org\/wp-content\/uploads\/IMG_4255-scaled.jpg 1920w\" sizes=\"(max-width: 768px) 100vw, 768px\" \/><\/figure>\r\n\r\n\r\n\r\n<figure class=\"wp-block-image size-large\"><img loading=\"lazy\" decoding=\"async\" width=\"1024\" height=\"648\" data-id=\"338\" class=\"wp-image-338\" src=\"https:\/\/www.sainte-croix.org\/wp-content\/uploads\/IMG_4228-1024x648.jpg\" alt=\"\" srcset=\"https:\/\/www.sainte-croix.org\/wp-content\/uploads\/IMG_4228-1024x648.jpg 1024w, https:\/\/www.sainte-croix.org\/wp-content\/uploads\/IMG_4228-300x190.jpg 300w, https:\/\/www.sainte-croix.org\/wp-content\/uploads\/IMG_4228-768x486.jpg 768w, https:\/\/www.sainte-croix.org\/wp-content\/uploads\/IMG_4228-1536x973.jpg 1536w, https:\/\/www.sainte-croix.org\/wp-content\/uploads\/IMG_4228-2048x1297.jpg 2048w, https:\/\/www.sainte-croix.org\/wp-content\/uploads\/IMG_4228-474x300.jpg 474w\" sizes=\"(max-width: 1024px) 100vw, 1024px\" \/><\/figure>\r\n\r\n\r\n\r\n<figure class=\"wp-block-image size-large\"><img loading=\"lazy\" decoding=\"async\" width=\"768\" height=\"1024\" data-id=\"336\" class=\"wp-image-336\" src=\"https:\/\/www.sainte-croix.org\/wp-content\/uploads\/IMG_4225-768x1024.jpg\" alt=\"\" srcset=\"https:\/\/www.sainte-croix.org\/wp-content\/uploads\/IMG_4225-768x1024.jpg 768w, https:\/\/www.sainte-croix.org\/wp-content\/uploads\/IMG_4225-225x300.jpg 225w, https:\/\/www.sainte-croix.org\/wp-content\/uploads\/IMG_4225-1152x1536.jpg 1152w, https:\/\/www.sainte-croix.org\/wp-content\/uploads\/IMG_4225-1536x2048.jpg 1536w, https:\/\/www.sainte-croix.org\/wp-content\/uploads\/IMG_4225-scaled.jpg 1920w\" sizes=\"(max-width: 768px) 100vw, 768px\" \/><\/figure>\r\n<\/figure>\r\n\r\n\r\n\r\n<div class=\"wp-block-spacer\" style=\"height: 30px;\" aria-hidden=\"true\">\u00a0<\/div>\r\n\r\n\r\n\r\n<p>La cour r\u00e9sonne d&rsquo;une ambiance enchanteresse o\u00f9 chaque rire, chaque jeu, et chaque conversation contribuent \u00e0 tisser la toile magique de notre \u00e9cole. C&rsquo;est un espace o\u00f9 l&rsquo;\u00e9nergie de la jeunesse se m\u00eale \u00e0 la douceur des souvenirs en devenir.<\/p>\r\n\r\n\r\n\r\n<p>Pr\u00e9parez-vous \u00e0 vivre une r\u00e9cr\u00e9ation inoubliable dans la Cour Magique des Jeunes Explorateurs&#8230;<\/p>\r\n\r\n\r\n\r\n<div class=\"wp-block-spacer\" style=\"height: 30px;\" aria-hidden=\"true\">\u00a0<\/div>\r\n\r\n\r\n<hr class=\"wp-block-separator has-alpha-channel-opacity\" \/>\r\n\r\n\r\n<p>Bienvenue dans la Caf\u00e9t\u00e9ria Vibrante de Saveurs et de Couleurs !<\/p>\r\n\r\n\r\n\r\n<p>D\u00e8s que vous entrez dans notre cantine, le mur blanc respire la vitalit\u00e9. Il incarne l&rsquo;\u00e9nergie qui impr\u00e8gne chaque repas, chaque conversation et chaque \u00e9clat de rire partag\u00e9 autour des tables joyeusement dress\u00e9es. Dans votre dos, un mur jaune comme un rayon de soleil radieux. Il symbolise la chaleur de nos repas, pr\u00e9par\u00e9s avec amour et passion. Chaque assiette devient une toile de saveurs \u00e9clatantes, invitant les jeunes gourmets \u00e0 explorer un monde de d\u00e9lices.<\/p>\r\n\r\n\r\n\r\n<figure class=\"wp-block-gallery has-nested-images columns-default is-cropped wp-block-gallery-3 is-layout-flex wp-block-gallery-is-layout-flex\">\r\n<figure class=\"wp-block-image size-large\"><img loading=\"lazy\" decoding=\"async\" width=\"1024\" height=\"768\" data-id=\"352\" class=\"wp-image-352\" src=\"https:\/\/www.sainte-croix.org\/wp-content\/uploads\/IMG_3984-1024x768.jpg\" alt=\"\" srcset=\"https:\/\/www.sainte-croix.org\/wp-content\/uploads\/IMG_3984-1024x768.jpg 1024w, https:\/\/www.sainte-croix.org\/wp-content\/uploads\/IMG_3984-300x225.jpg 300w, https:\/\/www.sainte-croix.org\/wp-content\/uploads\/IMG_3984-768x576.jpg 768w, https:\/\/www.sainte-croix.org\/wp-content\/uploads\/IMG_3984-1536x1152.jpg 1536w, https:\/\/www.sainte-croix.org\/wp-content\/uploads\/IMG_3984-2048x1536.jpg 2048w, https:\/\/www.sainte-croix.org\/wp-content\/uploads\/IMG_3984-400x300.jpg 400w\" sizes=\"(max-width: 1024px) 100vw, 1024px\" \/><\/figure>\r\n\r\n\r\n\r\n<figure class=\"wp-block-image size-large\"><img loading=\"lazy\" decoding=\"async\" width=\"1024\" height=\"768\" data-id=\"351\" class=\"wp-image-351\" src=\"https:\/\/www.sainte-croix.org\/wp-content\/uploads\/IMG_3979-1024x768.jpg\" alt=\"\" srcset=\"https:\/\/www.sainte-croix.org\/wp-content\/uploads\/IMG_3979-1024x768.jpg 1024w, https:\/\/www.sainte-croix.org\/wp-content\/uploads\/IMG_3979-300x225.jpg 300w, https:\/\/www.sainte-croix.org\/wp-content\/uploads\/IMG_3979-768x576.jpg 768w, https:\/\/www.sainte-croix.org\/wp-content\/uploads\/IMG_3979-1536x1152.jpg 1536w, https:\/\/www.sainte-croix.org\/wp-content\/uploads\/IMG_3979-2048x1536.jpg 2048w, https:\/\/www.sainte-croix.org\/wp-content\/uploads\/IMG_3979-400x300.jpg 400w\" sizes=\"(max-width: 1024px) 100vw, 1024px\" \/><\/figure>\r\n\r\n\r\n\r\n<figure class=\"wp-block-image size-large\"><img loading=\"lazy\" decoding=\"async\" width=\"768\" height=\"1024\" data-id=\"356\" class=\"wp-image-356\" src=\"https:\/\/www.sainte-croix.org\/wp-content\/uploads\/IMG_4203-768x1024.jpg\" alt=\"\" srcset=\"https:\/\/www.sainte-croix.org\/wp-content\/uploads\/IMG_4203-768x1024.jpg 768w, https:\/\/www.sainte-croix.org\/wp-content\/uploads\/IMG_4203-225x300.jpg 225w, https:\/\/www.sainte-croix.org\/wp-content\/uploads\/IMG_4203-1152x1536.jpg 1152w, https:\/\/www.sainte-croix.org\/wp-content\/uploads\/IMG_4203-1536x2048.jpg 1536w, https:\/\/www.sainte-croix.org\/wp-content\/uploads\/IMG_4203-scaled.jpg 1920w\" sizes=\"(max-width: 768px) 100vw, 768px\" \/><\/figure>\r\n<\/figure>\r\n\r\n\r\n\r\n<p>Face \u00e0 vous, le mur orange annonce une explosion de vitalit\u00e9. Il repr\u00e9sente le c\u00f4t\u00e9 sain et \u00e9quilibr\u00e9 de nos menus. Au milieu, des chaises aux couleurs vives ajoutent une touche de gaiet\u00e9.<\/p>\r\n\r\n\r\n<div class=\"wp-block-image\">\r\n<figure class=\"alignleft size-full is-resized\"><img loading=\"lazy\" decoding=\"async\" width=\"940\" height=\"788\" class=\"wp-image-350\" style=\"width: 339px; height: auto;\" src=\"http:\/\/www.sainte-croix.org\/wp-content\/uploads\/2FC807A5-BB22-497A-9A5A-647D413D1E5F.jpg\" alt=\"\" srcset=\"https:\/\/www.sainte-croix.org\/wp-content\/uploads\/2FC807A5-BB22-497A-9A5A-647D413D1E5F.jpg 940w, https:\/\/www.sainte-croix.org\/wp-content\/uploads\/2FC807A5-BB22-497A-9A5A-647D413D1E5F-300x251.jpg 300w, https:\/\/www.sainte-croix.org\/wp-content\/uploads\/2FC807A5-BB22-497A-9A5A-647D413D1E5F-768x644.jpg 768w, https:\/\/www.sainte-croix.org\/wp-content\/uploads\/2FC807A5-BB22-497A-9A5A-647D413D1E5F-358x300.jpg 358w\" sizes=\"(max-width: 940px) 100vw, 940px\" \/><\/figure><\/div>\r\n\r\n\r\n<p><br \/>Notre cuisine, flambant neuve, saura ravir et faire d\u00e9couvrir&#8230;<\/p>\r\n\r\n\r\n\r\n<div class=\"wp-block-spacer\" style=\"height: 30px;\" aria-hidden=\"true\">\u00a0<\/div>\r\n\r\n\r\n<hr class=\"wp-block-separator has-alpha-channel-opacity\" \/>\r\n\r\n\r\n<p>Mais une \u00e9cole, c&rsquo;est aussi un lieu d&rsquo;apprentissage. Voici alors une partie de nos salles de classe, lieu clair et inspirant pr\u00eats \u00e0 \u00eatre remplis d&rsquo;id\u00e9es lumineuse. Ici cohabite espace de travail o\u00f9 la collaboration et l&rsquo;\u00e9change sont encourag\u00e9s, avec ses recoins confortables pour une \u00e9ducation plus informelle et personnalis\u00e9e.<\/p>\r\n\r\n\r\n\r\n<figure class=\"wp-block-gallery has-nested-images columns-default is-cropped wp-block-gallery-4 is-layout-flex wp-block-gallery-is-layout-flex\">\r\n<figure class=\"wp-block-image size-large\"><img loading=\"lazy\" decoding=\"async\" width=\"1024\" height=\"768\" data-id=\"345\" class=\"wp-image-345\" src=\"https:\/\/www.sainte-croix.org\/wp-content\/uploads\/IMG_4266-1024x768.jpg\" alt=\"\" srcset=\"https:\/\/www.sainte-croix.org\/wp-content\/uploads\/IMG_4266-1024x768.jpg 1024w, https:\/\/www.sainte-croix.org\/wp-content\/uploads\/IMG_4266-300x225.jpg 300w, https:\/\/www.sainte-croix.org\/wp-content\/uploads\/IMG_4266-768x576.jpg 768w, https:\/\/www.sainte-croix.org\/wp-content\/uploads\/IMG_4266-1536x1152.jpg 1536w, https:\/\/www.sainte-croix.org\/wp-content\/uploads\/IMG_4266-2048x1536.jpg 2048w, https:\/\/www.sainte-croix.org\/wp-content\/uploads\/IMG_4266-400x300.jpg 400w\" sizes=\"(max-width: 1024px) 100vw, 1024px\" \/><\/figure>\r\n\r\n\r\n\r\n<figure class=\"wp-block-image size-large\"><img loading=\"lazy\" decoding=\"async\" width=\"1024\" height=\"768\" data-id=\"346\" class=\"wp-image-346\" src=\"https:\/\/www.sainte-croix.org\/wp-content\/uploads\/IMG_4267-1024x768.jpg\" alt=\"\" srcset=\"https:\/\/www.sainte-croix.org\/wp-content\/uploads\/IMG_4267-1024x768.jpg 1024w, https:\/\/www.sainte-croix.org\/wp-content\/uploads\/IMG_4267-300x225.jpg 300w, https:\/\/www.sainte-croix.org\/wp-content\/uploads\/IMG_4267-768x576.jpg 768w, https:\/\/www.sainte-croix.org\/wp-content\/uploads\/IMG_4267-1536x1152.jpg 1536w, https:\/\/www.sainte-croix.org\/wp-content\/uploads\/IMG_4267-2048x1536.jpg 2048w, https:\/\/www.sainte-croix.org\/wp-content\/uploads\/IMG_4267-400x300.jpg 400w\" sizes=\"(max-width: 1024px) 100vw, 1024px\" \/><\/figure>\r\n\r\n\r\n\r\n<figure class=\"wp-block-image size-large\"><img loading=\"lazy\" decoding=\"async\" width=\"1024\" height=\"768\" data-id=\"348\" class=\"wp-image-348\" src=\"https:\/\/www.sainte-croix.org\/wp-content\/uploads\/IMG_4275-1024x768.jpg\" alt=\"\" srcset=\"https:\/\/www.sainte-croix.org\/wp-content\/uploads\/IMG_4275-1024x768.jpg 1024w, https:\/\/www.sainte-croix.org\/wp-content\/uploads\/IMG_4275-300x225.jpg 300w, https:\/\/www.sainte-croix.org\/wp-content\/uploads\/IMG_4275-768x576.jpg 768w, https:\/\/www.sainte-croix.org\/wp-content\/uploads\/IMG_4275-1536x1152.jpg 1536w, https:\/\/www.sainte-croix.org\/wp-content\/uploads\/IMG_4275-2048x1536.jpg 2048w, https:\/\/www.sainte-croix.org\/wp-content\/uploads\/IMG_4275-400x300.jpg 400w\" sizes=\"(max-width: 1024px) 100vw, 1024px\" \/><\/figure>\r\n\r\n\r\n\r\n<figure class=\"wp-block-image size-large\"><img loading=\"lazy\" decoding=\"async\" width=\"1024\" height=\"768\" data-id=\"347\" class=\"wp-image-347\" src=\"https:\/\/www.sainte-croix.org\/wp-content\/uploads\/IMG_4272-1024x768.jpg\" alt=\"\" srcset=\"https:\/\/www.sainte-croix.org\/wp-content\/uploads\/IMG_4272-1024x768.jpg 1024w, https:\/\/www.sainte-croix.org\/wp-content\/uploads\/IMG_4272-300x225.jpg 300w, https:\/\/www.sainte-croix.org\/wp-content\/uploads\/IMG_4272-768x576.jpg 768w, https:\/\/www.sainte-croix.org\/wp-content\/uploads\/IMG_4272-1536x1152.jpg 1536w, https:\/\/www.sainte-croix.org\/wp-content\/uploads\/IMG_4272-2048x1536.jpg 2048w, https:\/\/www.sainte-croix.org\/wp-content\/uploads\/IMG_4272-400x300.jpg 400w\" sizes=\"(max-width: 1024px) 100vw, 1024px\" \/><\/figure>\r\n\r\n\r\n\r\n<figure class=\"wp-block-image size-large\"><img loading=\"lazy\" decoding=\"async\" width=\"1024\" height=\"768\" data-id=\"349\" class=\"wp-image-349\" src=\"https:\/\/www.sainte-croix.org\/wp-content\/uploads\/IMG_4276-1024x768.jpg\" alt=\"\" srcset=\"https:\/\/www.sainte-croix.org\/wp-content\/uploads\/IMG_4276-1024x768.jpg 1024w, https:\/\/www.sainte-croix.org\/wp-content\/uploads\/IMG_4276-300x225.jpg 300w, https:\/\/www.sainte-croix.org\/wp-content\/uploads\/IMG_4276-768x576.jpg 768w, https:\/\/www.sainte-croix.org\/wp-content\/uploads\/IMG_4276-1536x1152.jpg 1536w, https:\/\/www.sainte-croix.org\/wp-content\/uploads\/IMG_4276-2048x1536.jpg 2048w, https:\/\/www.sainte-croix.org\/wp-content\/uploads\/IMG_4276-400x300.jpg 400w\" sizes=\"(max-width: 1024px) 100vw, 1024px\" \/><\/figure>\r\n<\/figure>\r\n\r\n\r\n\r\n<p>\u00c0 la t\u00eate de chaque salle, nos enseignants d\u00e9vou\u00e9s guident et encouragent. Leur passion pour l&rsquo;enseignement transforme chaque le\u00e7on en une exp\u00e9rience m\u00e9morable, et chaque obstacle en une opportunit\u00e9 d&rsquo;apprendre et de grandir.<\/p>\r\n","protected":false},"excerpt":{"rendered":"<p>L\u00e0 o\u00f9 chaque brique raconte une histoire, chaque fen\u00eatre embrasse la lumi\u00e8re de la curiosit\u00e9, et chaque porte s&rsquo;ouvre sur un monde de d\u00e9couvertes infinies. &hellip;<\/p>\n","protected":false},"author":1,"featured_media":0,"parent":0,"menu_order":0,"comment_status":"closed","ping_status":"closed","template":"","meta":{"footnotes":""},"class_list":["post-162","page","type-page","status-publish","hentry"],"_links":{"self":[{"href":"https:\/\/www.sainte-croix.org\/index.php?rest_route=\/wp\/v2\/pages\/162"}],"collection":[{"href":"https:\/\/www.sainte-croix.org\/index.php?rest_route=\/wp\/v2\/pages"}],"about":[{"href":"https:\/\/www.sainte-croix.org\/index.php?rest_route=\/wp\/v2\/types\/page"}],"author":[{"embeddable":true,"href":"https:\/\/www.sainte-croix.org\/index.php?rest_route=\/wp\/v2\/users\/1"}],"replies":[{"embeddable":true,"href":"https:\/\/www.sainte-croix.org\/index.php?rest_route=%2Fwp%2Fv2%2Fcomments&post=162"}],"version-history":[{"count":31,"href":"https:\/\/www.sainte-croix.org\/index.php?rest_route=\/wp\/v2\/pages\/162\/revisions"}],"predecessor-version":[{"id":458,"href":"https:\/\/www.sainte-croix.org\/index.php?rest_route=\/wp\/v2\/pages\/162\/revisions\/458"}],"wp:attachment":[{"href":"https:\/\/www.sainte-croix.org\/index.php?rest_route=%2Fwp%2Fv2%2Fmedia&parent=162"}],"curies":[{"name":"wp","href":"https:\/\/api.w.org\/{rel}","templated":true}]}}