{"id":145,"date":"2023-12-03T23:36:46","date_gmt":"2023-12-03T22:36:46","guid":{"rendered":"http:\/\/localhost\/Ecole%20Sainte%20Coix\/?page_id=145"},"modified":"2023-12-03T23:43:45","modified_gmt":"2023-12-03T22:43:45","slug":"incription","status":"publish","type":"page","link":"https:\/\/www.sainte-croix.org\/?page_id=145","title":{"rendered":"Inscription"},"content":{"rendered":"\n<p>La toute premi\u00e8re inscription de votre enfant dans notre \u00e9tablissement est un moment important qui n\u00e9cessite un rendez-vous avec la directrice.<\/p>\n\n\n\n<p>Pour ce faire, nous vous invitons \u00e0 remplir le formulaire de renseignements ci-dessous :<br><a href=\"https:\/\/nam12.safelinks.protection.outlook.com\/?url=https%3A%2F%2Fpreinscriptions.ecoledirecte.com%2F%3FRNE%3D0810973T&amp;data=05%7C01%7C%7C787cffc6614740bef53008dab829071d%7C84df9e7fe9f640afb435aaaaaaaaaaaa%7C1%7C0%7C638024784256570809%7CUnknown%7CTWFpbGZsb3d8eyJWIjoiMC4wLjAwMDAiLCJQIjoiV2luMzIiLCJBTiI6Ik1haWwiLCJXVCI6Mn0%3D%7C3000%7C%7C%7C&amp;sdata=CD5TC6MwDh14qhs23ZNgmiwia8XwuAMvRO0T3WsUIj0%3D&amp;reserved=0\" rel=\"noreferrer noopener\" target=\"_blank\">https:\/\/preinscriptions.ecoledirecte.com\/?RNE=0810973T<\/a><\/p>\n\n\n\n<p>La directrice reviendra ensuite vers vous afin de planifier un rendez-vous.<br>Nous vous remercions \u00e9galement de prendre prendre connaissance du projet \u00e9ducatif pour toute nouvelle inscription : <a href=\"http:\/\/www.sainte-croix.org\/?page_id=88\" data-type=\"link\" data-id=\"http:\/\/www.sainte-croix.org\/?page_id=88\">PROJET EDUCATIF<\/a><\/p>\n\n\n\n<p>Pour les r\u00e9inscriptions, une communication sera effectu\u00e9e<\/p>\n","protected":false},"excerpt":{"rendered":"<p>La toute premi\u00e8re inscription de votre enfant dans notre \u00e9tablissement est un moment important qui n\u00e9cessite un rendez-vous avec la directrice. Pour ce faire, nous &hellip;<\/p>\n","protected":false},"author":1,"featured_media":0,"parent":0,"menu_order":0,"comment_status":"closed","ping_status":"closed","template":"","meta":{"footnotes":""},"class_list":["post-145","page","type-page","status-publish","hentry"],"_links":{"self":[{"href":"https:\/\/www.sainte-croix.org\/index.php?rest_route=\/wp\/v2\/pages\/145"}],"collection":[{"href":"https:\/\/www.sainte-croix.org\/index.php?rest_route=\/wp\/v2\/pages"}],"about":[{"href":"https:\/\/www.sainte-croix.org\/index.php?rest_route=\/wp\/v2\/types\/page"}],"author":[{"embeddable":true,"href":"https:\/\/www.sainte-croix.org\/index.php?rest_route=\/wp\/v2\/users\/1"}],"replies":[{"embeddable":true,"href":"https:\/\/www.sainte-croix.org\/index.php?rest_route=%2Fwp%2Fv2%2Fcomments&post=145"}],"version-history":[{"count":3,"href":"https:\/\/www.sainte-croix.org\/index.php?rest_route=\/wp\/v2\/pages\/145\/revisions"}],"predecessor-version":[{"id":151,"href":"https:\/\/www.sainte-croix.org\/index.php?rest_route=\/wp\/v2\/pages\/145\/revisions\/151"}],"wp:attachment":[{"href":"https:\/\/www.sainte-croix.org\/index.php?rest_route=%2Fwp%2Fv2%2Fmedia&parent=145"}],"curies":[{"name":"wp","href":"https:\/\/api.w.org\/{rel}","templated":true}]}}